{"id":10000,"date":"2022-02-24T13:28:13","date_gmt":"2022-02-24T18:28:13","guid":{"rendered":"https:\/\/www.bbbso.ca\/impliquez-vous\/autres-opportunites-de-benevolat\/"},"modified":"2024-06-25T23:29:46","modified_gmt":"2024-06-26T03:29:46","slug":"autres-opportunites-de-benevolat","status":"publish","type":"page","link":"https:\/\/www.bbbso.ca\/fr\/impliquez-vous\/autres-opportunites-de-benevolat\/","title":{"rendered":"Autres opportunit\u00e9s de b\u00e9n\u00e9volat"},"content":{"rendered":"\n<p>Grands Fr\u00e8res Grandes Soeurs d&#8217;Ottawa offre des possibilit\u00e9s de b\u00e9n\u00e9volat \u00e0 court terme pendant l\u2019ann\u00e9e pour aider notre \u00e9quipe lors de certains \u00e9v\u00e9nements et dans le cadre d\u2019autres projets. Ces possibilit\u00e9s de b\u00e9n\u00e9volat seront publi\u00e9es ci-dessous \u00e0 mesure qu\u2019elles se pr\u00e9senteront.<\/p>\n\n<p>Si vous souhaitez devenir un.e Grand.e b\u00e9n\u00e9vole, <a href=\"https:\/\/www.bbbso.ca\/fr\/impliquez-vous\/poser-sa-candidature-pour-etre-mentor\/\">veuillez cliquer ici. <\/a><\/p>\n\n<hr class=\"wp-block-separator\"\/>\n\n<p><\/p>\n\n<h2 class=\"has-text-align-center wp-block-heading\" id=\"thrive-select-thrift-store-volunteer-opportunities\">Opportunit\u00e9s de b\u00e9n\u00e9volat aupr\u00e8s de Thrive Select Thrift<\/h2>\n\n<p class=\"has-text-align-center\">Aidez l\u2019entreprise sociale de Grands Fr\u00e8res Grandes Soeurs d&#8217;Ottawa \u00e0 prosp\u00e9rer! <\/p>\n\n<p class=\"has-text-align-left\">Nous sommes \u00e0 la recherche de b\u00e9n\u00e9voles au bureau de GFGSO, situ\u00e9 au 1645, av. Woodroffe, pour les t\u00e2ches suivantes :<\/p>\n\n<p><strong>Tri des v\u00eatements donn\u00e9s : <\/strong> Les jeudis, par blocs de deux heures entre 10 h et 16 h.<br\/>Comp\u00e9tences : Organisation, connaissance des produits et des tendances vestimentaires, souci du d\u00e9tail, gestion du temps, bonnes aptitudes de communication, gestion des stocks<br\/>Avantage : Obtenez 30 % de rabais sur les articles vendus chez <a href=\"https:\/\/thrivethrift.ca\/\"><strong>Thrive Select Thrift<\/strong><\/a><\/p>\n\n<p><strong>Photographies des produits <\/strong> : Les lundis et mardis, par blocs de deux heures entre 10 h et 16 h.<br\/>Comp\u00e9tences : Souci du d\u00e9tail, bonnes aptitudes de communication, gestion du temps, patience, capacit\u00e9 \u00e0 travailler seul ou en \u00e9quipe, capacit\u00e9 \u00e0 suivre les directives et \u00e0 exprimer ses id\u00e9es, talent artistique, cr\u00e9ativit\u00e9, bonne capacit\u00e9 de r\u00e9solution de probl\u00e8mes.<br\/><strong>Avantage : <\/strong> Obtenez 30 % de rabais sur les articles vendus chez <strong><a href=\"https:\/\/thrivethrift.ca\/\">Thrive Select Thrift<\/a><\/strong><\/p>\n\n<p><strong>Pour soumettre votre candidature<\/strong> ou obtenir plus d\u2019informations, veuillez contacter Hope Wood, directrice de la vente au d\u00e9tail, Thrive Select Thrift, au <a href=\"mailto:Hope.Wood@bigbrothersbigsisters.ca\">Hope.Wood@bigbrothersbigsisters.ca<\/a> ou au 613-247-4776, poste 326.<\/p>\n","protected":false},"excerpt":{"rendered":"<p>Grands Fr\u00e8res Grandes Soeurs d&#8217;Ottawa offre des possibilit\u00e9s de b\u00e9n\u00e9volat \u00e0 court terme pendant l\u2019ann\u00e9e pour aider notre \u00e9quipe lors de certains \u00e9v\u00e9nements et dans le cadre d\u2019autres projets. Ces possibilit\u00e9s de b\u00e9n\u00e9volat seront publi\u00e9es ci-dessous \u00e0 mesure qu\u2019elles se pr\u00e9senteront. Si vous souhaitez devenir un.e Grand.e b\u00e9n\u00e9vole, veuillez cliquer ici. Opportunit\u00e9s de b\u00e9n\u00e9volat aupr\u00e8s [&hellip;]<\/p>\n","protected":false},"author":1,"featured_media":9045,"parent":9949,"menu_order":0,"comment_status":"closed","ping_status":"closed","template":"","meta":{"_et_pb_use_builder":"off","_et_pb_old_content":"","_et_gb_content_width":"","_coblocks_attr":"","_coblocks_dimensions":"","_coblocks_responsive_height":"","_coblocks_accordion_ie_support":"","_monsterinsights_skip_tracking":false,"_monsterinsights_sitenote_active":false,"_monsterinsights_sitenote_note":"","_monsterinsights_sitenote_category":0,"footnotes":""},"class_list":["post-10000","page","type-page","status-publish","has-post-thumbnail","hentry"],"aioseo_notices":[],"_links":{"self":[{"href":"https:\/\/www.bbbso.ca\/fr\/wp-json\/wp\/v2\/pages\/10000","targetHints":{"allow":["GET"]}}],"collection":[{"href":"https:\/\/www.bbbso.ca\/fr\/wp-json\/wp\/v2\/pages"}],"about":[{"href":"https:\/\/www.bbbso.ca\/fr\/wp-json\/wp\/v2\/types\/page"}],"author":[{"embeddable":true,"href":"https:\/\/www.bbbso.ca\/fr\/wp-json\/wp\/v2\/users\/1"}],"replies":[{"embeddable":true,"href":"https:\/\/www.bbbso.ca\/fr\/wp-json\/wp\/v2\/comments?post=10000"}],"version-history":[{"count":1,"href":"https:\/\/www.bbbso.ca\/fr\/wp-json\/wp\/v2\/pages\/10000\/revisions"}],"predecessor-version":[{"id":10001,"href":"https:\/\/www.bbbso.ca\/fr\/wp-json\/wp\/v2\/pages\/10000\/revisions\/10001"}],"up":[{"embeddable":true,"href":"https:\/\/www.bbbso.ca\/fr\/wp-json\/wp\/v2\/pages\/9949"}],"wp:featuredmedia":[{"embeddable":true,"href":"https:\/\/www.bbbso.ca\/fr\/wp-json\/wp\/v2\/media\/9045"}],"wp:attachment":[{"href":"https:\/\/www.bbbso.ca\/fr\/wp-json\/wp\/v2\/media?parent=10000"}],"curies":[{"name":"wp","href":"https:\/\/api.w.org\/{rel}","templated":true}]}}