{"id":9632,"date":"2021-05-31T15:54:25","date_gmt":"2021-05-31T19:54:25","guid":{"rendered":"https:\/\/www.bbbso.ca\/le-4e-grand-depart-de-golf-annuel-deq-homes\/"},"modified":"2024-06-21T19:58:48","modified_gmt":"2024-06-21T23:58:48","slug":"le-4e-grand-depart-de-golf-annuel-deq-homes","status":"publish","type":"page","link":"https:\/\/www.bbbso.ca\/fr\/evenements\/le-4e-grand-depart-de-golf-annuel-deq-homes\/","title":{"rendered":"Le 4e GRAND D\u00c9PART (de golf) annuel d\u2019eQ Homes"},"content":{"rendered":"\n<p class=\"has-text-align-center has-text-color has-link-color has-large-font-size coblocks-animate wp-elements-eadae9e01a6eee1076db9a5396b80fd2\" style=\"color:#62bccb\" data-coblocks-animation=\"fadeIn\"><strong>MERCREDI 18 SEPTEMBRE \u2014 Club de golf eQuinelle<\/strong><\/p>\n\n<h3 class=\"wp-block-heading has-text-align-center\">Dans le cadre des c\u00e9l\u00e9brations de la Journ\u00e9e des Grands Fr\u00e8res et Grandes S\u0153urs partout au Canada!<\/h3>\n\n<div style=\"height:32px\" aria-hidden=\"true\" class=\"wp-block-spacer\"><\/div>\n\n<p>Le grand d\u00e9part (de golf) d\u2019eQ Homes est de retour en meilleure forme que jamais! Nous avons d\u00e9plac\u00e9 l\u2019\u00e9v\u00e9nement au superbe club de golf eQuinelle, propri\u00e9t\u00e9 de nos amis d\u2019EQ Homes, et nous sommes impatients de vous accueillir \u00e0 l\u2019occasion d\u2019une journ\u00e9e m\u00e9morable sur le terrain de golf public le plus prim\u00e9 de la r\u00e9gion d\u2019Ottawa.<\/p>\n\n<p>100 % des profits de l\u2019\u00e9v\u00e9nement seront remis \u00e0 Grands Fr\u00e8res Grandes Soeurs d&#8217;Ottawa, organisateurs et h\u00f4tes de l\u2019\u00e9v\u00e9nement.<\/p>\n\n<div class=\"wp-block-buttons is-content-justification-center is-layout-flex wp-container-core-buttons-is-layout-16018d1d wp-block-buttons-is-layout-flex\">\n<div class=\"wp-block-button has-custom-width wp-block-button__width-50 is-style-shadow\"><a class=\"wp-block-button__link has-black-color has-luminous-vivid-amber-background-color has-text-color has-background has-link-color has-text-align-center wp-element-button\" href=\"https:\/\/www.bbbso.ca\/news\/eq-homes-makes-big-commitment-to-ottawa-youth-for-big-brothers-big-sisters-day\/\" style=\"border-radius:3px\" target=\"_blank\" rel=\"noreferrer noopener\"><strong>LISEZ NOTRE COMMUNIQU\u00c9 DE PRESSE ICI<\/strong><\/a><\/div>\n<\/div>\n\n<div style=\"height:25px\" aria-hidden=\"true\" class=\"wp-block-spacer\"><\/div>\n\n<figure class=\"wp-block-image aligncenter size-full has-lightbox\"><img loading=\"lazy\" decoding=\"async\" width=\"1920\" height=\"1280\" src=\"https:\/\/www.bbbso.ca\/wp-content\/uploads\/2024\/05\/BTO-photo-for-launch.jpg\" alt=\"\" class=\"wp-image-9653\" srcset=\"https:\/\/www.bbbso.ca\/wp-content\/uploads\/2024\/05\/BTO-photo-for-launch.jpg 1920w, https:\/\/www.bbbso.ca\/wp-content\/uploads\/2024\/05\/BTO-photo-for-launch-1280x853.jpg 1280w, https:\/\/www.bbbso.ca\/wp-content\/uploads\/2024\/05\/BTO-photo-for-launch-980x653.jpg 980w, https:\/\/www.bbbso.ca\/wp-content\/uploads\/2024\/05\/BTO-photo-for-launch-480x320.jpg 480w\" sizes=\"(min-width: 0px) and (max-width: 480px) 480px, (min-width: 481px) and (max-width: 980px) 980px, (min-width: 981px) and (max-width: 1280px) 1280px, (min-width: 1281px) 1920px, 100vw\" \/><\/figure>\n\n<div style=\"height:100px\" aria-hidden=\"true\" class=\"wp-block-spacer\"><\/div>\n\n<p class=\"has-text-align-center has-text-color has-link-color has-large-font-size wp-elements-faf485623994b797ec53d14f56c38dba\" style=\"color:#62bccb\"><strong>JOIGNEZ-VOUS \u00c0 NOUS POUR UNE JOURN\u00c9E VISANT \u00c0 OFFRIR L\u2019AIDE D\u2019UNE VIE \u00c0 DES JEUNES \u00c0 RISQUE<\/strong><\/p>\n\n<p>Le soutien dont vous faites preuve envers Le grand d\u00e9part (de golf) d\u2019eQ Homes nous permet de poursuivre notre travail qui change la vie des jeunes \u00e0 risque dans la ville d\u2019Ottawa. Nous leur proposons des programmes de mentorat, dont nos programmes phares, \u00ab Grands Fr\u00e8res \u00bb et \u00ab Grandes Soeurs \u00bb, dans le cadre desquels nous jumelons des mentors adultes de la communaut\u00e9 avec des jeunes qui, compte tenu de leur parcours de vie, pourraient grandement b\u00e9n\u00e9ficier de l\u2019amiti\u00e9, des conseils et de la pr\u00e9sence d\u2019un mentor.<\/p>\n\n<p class=\"has-black-color has-text-color has-link-color has-medium-font-size wp-elements-d3a9204e8a52f5e5cea4008e2378488c\"><strong>Procurez-vous votre commandite (comprenant un quatuor de golf!)<\/strong><\/p>\n\n<p><a href=\"https:\/\/www.canva.com\/design\/DAGF3dpHKwA\/O2yPhaOtZph-YSGbCEEGSA\/view?utm_content=DAGF3dpHKwA&amp;utm_campaign=designshare&amp;utm_medium=link&amp;utm_source=viewer\" target=\"_blank\" rel=\"noopener nofollow\" title=\"Cliquez ici pour conna&#xEE;tre les opportunit&#xE9;s disponibles actuellement\">Cliquez ici pour conna\u00eetre les opportunit\u00e9s disponibles actuellement<\/a><\/p>\n\n<div style=\"height:25px\" aria-hidden=\"true\" class=\"wp-block-spacer\"><\/div>\n\n<p class=\"has-black-color has-text-color has-link-color has-medium-font-size wp-elements-aceedec8d0d44d80d7511cd12766c2fa\"><strong>Inscrivez votre quatuor de golf<\/strong><\/p>\n\n<p>Achat anticip\u00e9 : 1000 $ (<em>achat avant le 28 juin 2024) <\/em><\/p>\n\n<p>Prix r\u00e9gulier : 1300 $ <em>(\u00e0 partir du 29 juin 2024)<\/em><\/p>\n\n<p>Pour inscrire votre quatuor, veuillez communiquer avec Jake Naylor \u00e0 <a href=\"mailto:jake.naylor@bbbso.ca\">jake.naylor@bbbso.ca<\/a> ou au <a href=\"tel:6133250555\" target=\"_blank\" rel=\"noreferrer noopener\">613-325-0555<\/a>. <strong>Les places sont tr\u00e8s limit\u00e9es! <\/strong><\/p>\n\n<p class=\"has-vivid-red-color has-text-color has-link-color has-medium-font-size wp-elements-7eca8151ba73e16bc93d1e40b0046ab1\"><strong>Avis important! <\/strong><\/p>\n\n<p class=\"has-black-color has-text-color has-link-color wp-elements-8d5f999904fb34dc583eee0dd229d085\"><em>Si vous souhaitez participer au tournoi au nom de votre entreprise, nous vous encourageons \u00e0 faire l\u2019achat d\u2019une de nos commandites, qui sont toutes assorties d\u2019une inscription d\u2019un quatuor de golf, en plus de tous les autres avantages qu\u2019elles comportent pour votre marque. Par exemple, si vous optez pour la commandite d\u2019un trou \u00e0 1500 $, vous n\u2019aurez \u00e0 d\u00e9bourser que 200 $ de plus que pour inscrire un quatuor, mais cet investissement suppl\u00e9mentaire nous permettra d\u2019aider encore plus de jeunes. Merci pour votre consid\u00e9ration!<\/em><\/p>\n\n<div style=\"height:100px\" aria-hidden=\"true\" class=\"wp-block-spacer\"><\/div>\n\n<div class=\"wp-block-columns is-layout-flex wp-container-core-columns-is-layout-9d6595d7 wp-block-columns-is-layout-flex\">\n<div class=\"wp-block-column is-layout-flow wp-block-column-is-layout-flow\" style=\"flex-basis:50%\"><\/div>\n\n\n\n<div class=\"wp-block-column is-layout-flow wp-block-column-is-layout-flow\" style=\"flex-basis:50%\"><\/div>\n<\/div>\n\n<h2 class=\"wp-block-heading\"><strong>L\u2019\u00e9dition 2023 a connu un \u00e9norme succ\u00e8s!<\/strong><\/h2>\n\n<p><strong>Merci \u00e0 tous les commanditaires de l\u2019\u00e9v\u00e9nement de l\u2019an dernier, qui sont \u00e9num\u00e9r\u00e9s ci-dessous! Gr\u00e2ce \u00e0 leur soutien, nous avons connu notre meilleure ann\u00e9e \u00e0 ce jour, et nous avons bien l\u2019intention de battre d\u2019autres records cette ann\u00e9e! Restez \u00e0 l\u2019\u00e9coute! Nous vous annoncerons sous peu l\u2019identit\u00e9 des commanditaires de cette ann\u00e9e en pr\u00e9vision de ce grand \u00e9v\u00e9nement.<\/strong><\/p>\n\n<div style=\"height:32px\" aria-hidden=\"true\" class=\"wp-block-spacer\"><\/div>\n\n<div class=\"wp-block-columns is-layout-flex wp-container-core-columns-is-layout-9d6595d7 wp-block-columns-is-layout-flex\">\n<div class=\"wp-block-column is-layout-flow wp-block-column-is-layout-flow\" style=\"flex-basis:50%\">\n<p><a href=\"https:\/\/eqhomes.ca\/\" target=\"_blank\" rel=\"noreferrer noopener\">eQ Homes<br\/><\/a><a href=\"https:\/\/www.urbandalecorporation.com\/\" target=\"_blank\" rel=\"noreferrer noopener\">Urbandale Corporation<br\/><\/a><a href=\"https:\/\/www.decisivegroup.com\/\" target=\"_blank\" rel=\"noreferrer noopener\">Decisive Group<br\/><\/a><a href=\"https:\/\/www.meridiancu.ca\/personal\" target=\"_blank\" rel=\"noreferrer noopener\">Meridian Credit Union<br\/><\/a><a href=\"https:\/\/domuscleaning.com\/\" target=\"_blank\" rel=\"noreferrer noopener\">Domus Building Cleaning Company<br\/><\/a><a href=\"https:\/\/www.bmrgroup.ca\/\" target=\"_blank\" rel=\"noreferrer noopener\">Groupe BMR<br\/><\/a><a href=\"https:\/\/www.welchcapitalpartners.com\/\" target=\"_blank\" rel=\"noreferrer noopener\">Welch LLP<br\/><\/a><a href=\"https:\/\/shaw-centre.com\/\" target=\"_blank\" rel=\"noreferrer noopener\">Centre Shaw<br\/><\/a><a href=\"https:\/\/www.i4c.com\/\" target=\"_blank\" rel=\"noreferrer noopener\">i4C Consulting<br\/><\/a><a href=\"https:\/\/barrhavenbia.ca\/\" target=\"_blank\" rel=\"noreferrer noopener\">Barrhaven BIA<br\/><\/a><a href=\"https:\/\/www.bee-clean.com\/\" target=\"_blank\" rel=\"noreferrer noopener\">Bee-Clean Building Maintenance<br\/><\/a><a href=\"https:\/\/eurotilestone.com\/\" target=\"_blank\" rel=\"noreferrer noopener\">Euro Tile &amp; Stone<br\/><\/a><a href=\"https:\/\/seoplus.com\/\" target=\"_blank\" rel=\"noreferrer noopener\">Seoplus+<br\/><\/a><a href=\"https:\/\/www.bmo.com\/privatewealth\/\" target=\"_blank\" rel=\"noreferrer noopener\">BMO Nesbitt Burns<br\/><\/a><a href=\"http:\/\/www.donalco.com\/ottawa.php\" target=\"_blank\" rel=\"noreferrer noopener\">Donalco<br\/><\/a><a href=\"https:\/\/www.willow-sound.com\/\" target=\"_blank\" rel=\"noreferrer noopener\">Willow Sound Records<br\/><\/a><a href=\"https:\/\/primebenefitsgroup.com\/\" target=\"_blank\" rel=\"noreferrer noopener\">Prime Benefits Group<br\/><\/a><a href=\"https:\/\/www.meatings.ca\/\" target=\"_blank\" rel=\"noreferrer noopener\">Meatings BBQ<br\/><\/a><a href=\"https:\/\/www.desjardins.com\/qc\/en.html\" target=\"_blank\" rel=\"noreferrer noopener\">Desjardins<\/a><\/p>\n<\/div>\n\n\n\n<div class=\"wp-block-column is-layout-flow wp-block-column-is-layout-flow\" style=\"flex-basis:50%\">\n<figure class=\"wp-block-image size-large has-lightbox\"><img loading=\"lazy\" decoding=\"async\" width=\"683\" height=\"1024\" src=\"https:\/\/www.bbbso.ca\/wp-content\/uploads\/2023\/08\/All-Sponsors-BTO2023-683x1024.jpg\" alt=\"\" class=\"wp-image-8783\"\/><\/figure>\n<\/div>\n<\/div>\n","protected":false},"excerpt":{"rendered":"<p>Le grand d\u00e9part (de golf) d\u2019eQ Homes est de retour en meilleure forme que jamais! MERCREDI 18 SEPTEMBRE \u2014 Club de golf eQuinelle<\/p>\n","protected":false},"author":1,"featured_media":9656,"parent":9943,"menu_order":3,"comment_status":"closed","ping_status":"closed","template":"","meta":{"_et_pb_use_builder":"off","_et_pb_old_content":"","_et_gb_content_width":"","_coblocks_attr":"","_coblocks_dimensions":"","_coblocks_responsive_height":"","_coblocks_accordion_ie_support":"","_monsterinsights_skip_tracking":false,"_monsterinsights_sitenote_active":false,"_monsterinsights_sitenote_note":"","_monsterinsights_sitenote_category":0,"footnotes":""},"class_list":["post-9632","page","type-page","status-publish","has-post-thumbnail","hentry"],"aioseo_notices":[],"_links":{"self":[{"href":"https:\/\/www.bbbso.ca\/fr\/wp-json\/wp\/v2\/pages\/9632","targetHints":{"allow":["GET"]}}],"collection":[{"href":"https:\/\/www.bbbso.ca\/fr\/wp-json\/wp\/v2\/pages"}],"about":[{"href":"https:\/\/www.bbbso.ca\/fr\/wp-json\/wp\/v2\/types\/page"}],"author":[{"embeddable":true,"href":"https:\/\/www.bbbso.ca\/fr\/wp-json\/wp\/v2\/users\/1"}],"replies":[{"embeddable":true,"href":"https:\/\/www.bbbso.ca\/fr\/wp-json\/wp\/v2\/comments?post=9632"}],"version-history":[{"count":3,"href":"https:\/\/www.bbbso.ca\/fr\/wp-json\/wp\/v2\/pages\/9632\/revisions"}],"predecessor-version":[{"id":9796,"href":"https:\/\/www.bbbso.ca\/fr\/wp-json\/wp\/v2\/pages\/9632\/revisions\/9796"}],"up":[{"embeddable":true,"href":"https:\/\/www.bbbso.ca\/fr\/wp-json\/wp\/v2\/pages\/9943"}],"wp:featuredmedia":[{"embeddable":true,"href":"https:\/\/www.bbbso.ca\/fr\/wp-json\/wp\/v2\/media\/9656"}],"wp:attachment":[{"href":"https:\/\/www.bbbso.ca\/fr\/wp-json\/wp\/v2\/media?parent=9632"}],"curies":[{"name":"wp","href":"https:\/\/api.w.org\/{rel}","templated":true}]}}