{"id":9733,"date":"2021-05-13T11:37:44","date_gmt":"2021-05-13T15:37:44","guid":{"rendered":"https:\/\/www.bbbso.ca\/programme-de-mentorat-grands-freres\/"},"modified":"2024-06-21T20:22:34","modified_gmt":"2024-06-22T00:22:34","slug":"programme-de-mentorat-grands-freres","status":"publish","type":"page","link":"https:\/\/www.bbbso.ca\/fr\/impliquez-vous\/programme-de-mentorat-grands-freres\/","title":{"rendered":"Programme de mentorat Grands Fr\u00e8res"},"content":{"rendered":"\n<h2 class=\"wp-block-heading\" id=\"making-a-difference-while-having-fun\">FAIRE UNE DIFF\u00c9RENCE TOUT EN S&#8217;AMUSANT<\/h2>\n\n<p>Ayez un impact positif dans la vie d&#8217;un gar\u00e7on ou d&#8217;un jeune homme en devenant Grand Fr\u00e8re. En montrant l&#8217;exemple et en lui servant de mod\u00e8le, vous aurez l\u2019occasion de partager votre histoire et vos exp\u00e9riences avec le jeune et de l\u2019aider \u00e0 r\u00e9v\u00e9ler son plein potentiel.<\/p>\n\n<p>En tant que Grand Fr\u00e8re, vous ferez partie d\u2019un programme visant \u00e0 :<\/p>\n\n<ul class=\"wp-block-list\">\n<li>Jumeler des gar\u00e7ons et des jeunes hommes avec une personne pouvant leur servir de mod\u00e8le et avec qui ils pourront tisser un lien d\u2019amiti\u00e9;<\/li>\n\n\n\n<li>Promouvoir l&#8217;importance de poursuivre son parcours scolaire et d\u2019entretenir des relations saines avec la famille et les pairs;<\/li>\n\n\n\n<li>Insuffler la confiance en soi n\u00e9cessaire pour prendre des d\u00e9cisions saines;<\/li>\n\n\n\n<li>Encourager les comp\u00e9tences en leadership et l\u2019ind\u00e9pendance d\u2019esprit; et<\/li>\n\n\n\n<li>Surtout, faire une diff\u00e9rence tout en vous amusant!<\/li>\n<\/ul>\n\n<p>PLUSIEURS PETITS FR\u00c8RES AFFIRMENT QUE L&#8217;EXP\u00c9RIENCE A CHANG\u00c9 LEUR VIE. PLUSIEURS GRANDS FR\u00c8RES L\u2019AFFIRMENT \u00c9GALEMENT.<\/p>\n\n<figure class=\"wp-block-embed is-type-video is-provider-youtube wp-block-embed-youtube wp-embed-aspect-16-9 wp-has-aspect-ratio\"><div class=\"wp-block-embed__wrapper\">\n<iframe loading=\"lazy\" title=\"Mentoring Stories: Jesse &amp; Ryan\" width=\"1080\" height=\"608\" src=\"https:\/\/www.youtube.com\/embed\/7eOLtbyYI2g?feature=oembed&#038;enablejsapi=1\"  allow=\"accelerometer; autoplay; clipboard-write; encrypted-media; gyroscope; picture-in-picture; web-share\" referrerpolicy=\"strict-origin-when-cross-origin\" allowfullscreen><\/iframe>\n<\/div><\/figure>\n\n<h3 class=\"wp-block-heading\" id=\"how-does-being-a-big-brother-work\">\u00caTRE UN GRAND FR\u00c8RE, QU&#8217;EST-CE QUE \u00c7A VEUT DIRE?<\/h3>\n\n<p>En g\u00e9n\u00e9ral, le programme de mentorat des Grands Fr\u00e8res exige une sortie r\u00e9guli\u00e8re par semaine (d\u2019une dur\u00e9e de 2 \u00e0 4 heures), et un engagement minimal d\u2019un an, comme c&#8217;est le cas pour tous nos programmes de mentorat.<\/p>\n\n<p>Ces rencontres r\u00e9guli\u00e8res contribue au d\u00e9veloppement de votre lien avec votre Petit. Des travailleurs sociaux exp\u00e9riment\u00e9s vous soutiendront tout au long de la dur\u00e9e de vie de ces relations bas\u00e9es sur la confiance, le respect et les int\u00e9r\u00eats communs.<\/p>\n\n<p>Notre nouveau processus de demande en ligne vous simplifie la t\u00e2che au moment de soumettre votre candidature! Si vous croyez \u00eatre pr\u00eat \u00e0 devenir #PlusGrandsEnsemble, cliquez <strong><a href=\"https:\/\/www.bbbso.ca\/volunteer\/apply\/\">ici<\/a><\/strong>!<\/p>\n\n<p>Pour en savoir plus sur comment devenir mentor ou b\u00e9n\u00e9vole, ou pour savoir comment faire un don \u00e0 Grands Fr\u00e8res Grandes Soeurs d&#8217;Ottawa, veuillez communiquer avec nous d\u00e8s aujourd\u2019hui.<\/p>\n\n<div class=\"wp-block-divi-layout\">[et_pb_section fb_built=&#8221;1&#8243; admin_label=&#8221;section&#8221; _builder_version=&#8221;4.16&#8243; da_disable_devices=&#8221;off|off|off&#8221; global_colors_info=&#8221;{}&#8221; da_is_popup=&#8221;off&#8221; da_exit_intent=&#8221;off&#8221; da_has_close=&#8221;on&#8221; da_alt_close=&#8221;off&#8221; da_dark_close=&#8221;off&#8221; da_not_modal=&#8221;on&#8221; da_is_singular=&#8221;off&#8221; da_with_loader=&#8221;off&#8221; da_has_shadow=&#8221;on&#8221;][et_pb_row _builder_version=&#8221;4.18.0&#8243; _module_preset=&#8221;default&#8221; background_color=&#8221;#37bfcd&#8221; width=&#8221;100%&#8221; custom_margin=&#8221;||20px||false|false&#8221; global_module=&#8221;6829&#8243; saved_tabs=&#8221;all&#8221; locked=&#8221;off&#8221; global_colors_info=&#8221;{%22gcid-77cb64ad-1f14-4783-8803-1d6a697c0aaf%22:%91%22background_color%22%93}&#8221;][et_pb_column type=&#8221;4_4&#8243; _builder_version=&#8221;4.16&#8243; _module_preset=&#8221;default&#8221; custom_padding=&#8221;|2%||2%|false|true&#8221; global_colors_info=&#8221;{}&#8221;][et_pb_text _builder_version=&#8221;4.16&#8243; _module_preset=&#8221;default&#8221; text_font=&#8221;||on||||||&#8221; text_font_size=&#8221;16px&#8221; text_orientation=&#8221;center&#8221; background_layout=&#8221;dark&#8221; custom_padding=&#8221;|15%||15%|false|false&#8221; global_colors_info=&#8221;{}&#8221;]<p><strong>(Seules les candidatures masculines sont accept\u00e9es pour le moment)<\/strong><br>Engagement de temps : 2 \u00e0 4 heures par semaine en soir\u00e9e ou les week-ends, pour une dur\u00e9e minimale d\u2019un an.<br>Jeunes \u00e2g\u00e9s de 6 \u00e0 14 ans<br>Rencontres virtuelles disponibles<br><strong>Ce formulaire est r\u00e9serv\u00e9 aux adultes (18 ans et plus)<\/strong><\/p>[\/et_pb_text][et_pb_button button_url=&#8221;https:\/\/www.bbbso.ca\/volunteer-application-for-big-brothers-mentoring-program\/&#8221; url_new_window=&#8221;on&#8221; button_text=&#8221;Soumettre votre candidature d\u00e8s maintenant&#8221; disabled_on=&#8221;off|off|off&#8221; _builder_version=&#8221;4.18.0&#8243; _module_preset=&#8221;default&#8221; custom_padding=&#8221;||0px|||&#8221; custom_css_main_element=&#8221;width: 100%&#8221; locked=&#8221;off&#8221; global_colors_info=&#8221;{}&#8221;][\/et_pb_button][et_pb_text _builder_version=&#8221;4.19.0&#8243; _module_preset=&#8221;default&#8221; text_font=&#8221;|600|on||||||&#8221; text_text_color=&#8221;#000000&#8243; text_font_size=&#8221;18px&#8221; background_color=&#8221;gcid-e09f2d4b-becd-41da-a355-ef5cb1170557&#8243; custom_padding=&#8221;20px|21px|20px|20px|false|false&#8221; locked=&#8221;off&#8221; global_colors_info=&#8221;{%22gcid-e09f2d4b-becd-41da-a355-ef5cb1170557%22:%91%22background_color%22%93}&#8221; disabled_on=&#8221;on|on|on&#8221; disabled=&#8221;on&#8221;]<p>Merci de nous avoir fait part de votre d\u00e9sir de faire du b\u00e9n\u00e9volat dans le cadre du programme Grands Fr\u00e8res. Les candidatures sont actuellement ferm\u00e9es, mais elles reprendront \u00e0 une date ult\u00e9rieure. Veuillez v\u00e9rifier de nouveau ult\u00e9rieurement pour conna\u00eetre toutes nos opportunit\u00e9s de b\u00e9n\u00e9volat.<\/p>[\/et_pb_text][\/et_pb_column][\/et_pb_row][\/et_pb_section]<\/div>\n\n<div style=\"height:35px\" aria-hidden=\"true\" class=\"wp-block-spacer\"><\/div>\n\n<h3 class=\"wp-block-heading\" id=\"made-possible-with-support-from\">RENDU POSSIBLE GR\u00c2CE AU SOUTIEN DE :<\/h3>\n\n<figure class=\"wp-block-gallery has-nested-images columns-default wp-block-gallery-1 is-layout-flex wp-block-gallery-is-layout-flex\">\n<figure class=\"wp-block-image size-large\"><img loading=\"lazy\" decoding=\"async\" width=\"498\" height=\"273\" data-id=\"112\" src=\"https:\/\/www.bbbso.ca\/wp-content\/uploads\/2021\/02\/UWEO-BILINGUAL-COLOURHorizontal.jpg\" alt=\"\" class=\"wp-image-112\" srcset=\"https:\/\/www.bbbso.ca\/wp-content\/uploads\/2021\/02\/UWEO-BILINGUAL-COLOURHorizontal.jpg 498w, https:\/\/www.bbbso.ca\/wp-content\/uploads\/2021\/02\/UWEO-BILINGUAL-COLOURHorizontal-480x263.jpg 480w\" sizes=\"(min-width: 0px) and (max-width: 480px) 480px, (min-width: 481px) 498px, 100vw\" \/><\/figure>\n\n\n\n<figure class=\"wp-block-image size-large\"><img loading=\"lazy\" decoding=\"async\" width=\"250\" height=\"89\" data-id=\"111\" src=\"https:\/\/www.bbbso.ca\/wp-content\/uploads\/2021\/02\/ottawa.png\" alt=\"\" class=\"wp-image-111\"\/><\/figure>\n\n\n\n<figure class=\"wp-block-image size-large\"><img loading=\"lazy\" decoding=\"async\" width=\"256\" height=\"256\" data-id=\"5986\" src=\"https:\/\/www.bbbso.ca\/wp-content\/uploads\/2021\/05\/logo-TD-1.jpg\" alt=\"\" class=\"wp-image-5986\" srcset=\"https:\/\/www.bbbso.ca\/wp-content\/uploads\/2021\/05\/logo-TD-1.jpg 256w, https:\/\/www.bbbso.ca\/wp-content\/uploads\/2021\/05\/logo-TD-1-150x150.jpg 150w, https:\/\/www.bbbso.ca\/wp-content\/uploads\/2021\/05\/logo-TD-1-100x100.jpg 100w\" sizes=\"(max-width: 256px) 100vw, 256px\" \/><\/figure>\n<\/figure>\n","protected":false},"excerpt":{"rendered":"<p>FAIRE UNE DIFF\u00c9RENCE TOUT EN S&#8217;AMUSANT Ayez un impact positif dans la vie d&#8217;un gar\u00e7on ou d&#8217;un jeune homme en devenant Grand Fr\u00e8re. En montrant l&#8217;exemple et en lui servant de mod\u00e8le, vous aurez l\u2019occasion de partager votre histoire et vos exp\u00e9riences avec le jeune et de l\u2019aider \u00e0 r\u00e9v\u00e9ler son plein potentiel. En tant [&hellip;]<\/p>\n","protected":false},"author":1,"featured_media":9119,"parent":9949,"menu_order":0,"comment_status":"closed","ping_status":"closed","template":"","meta":{"_et_pb_use_builder":"off","_et_pb_old_content":"","_et_gb_content_width":"","_coblocks_attr":"","_coblocks_dimensions":"","_coblocks_responsive_height":"","_coblocks_accordion_ie_support":"","_monsterinsights_skip_tracking":false,"_monsterinsights_sitenote_active":false,"_monsterinsights_sitenote_note":"","_monsterinsights_sitenote_category":0,"footnotes":""},"class_list":["post-9733","page","type-page","status-publish","has-post-thumbnail","hentry"],"aioseo_notices":[],"_links":{"self":[{"href":"https:\/\/www.bbbso.ca\/fr\/wp-json\/wp\/v2\/pages\/9733","targetHints":{"allow":["GET"]}}],"collection":[{"href":"https:\/\/www.bbbso.ca\/fr\/wp-json\/wp\/v2\/pages"}],"about":[{"href":"https:\/\/www.bbbso.ca\/fr\/wp-json\/wp\/v2\/types\/page"}],"author":[{"embeddable":true,"href":"https:\/\/www.bbbso.ca\/fr\/wp-json\/wp\/v2\/users\/1"}],"replies":[{"embeddable":true,"href":"https:\/\/www.bbbso.ca\/fr\/wp-json\/wp\/v2\/comments?post=9733"}],"version-history":[{"count":1,"href":"https:\/\/www.bbbso.ca\/fr\/wp-json\/wp\/v2\/pages\/9733\/revisions"}],"predecessor-version":[{"id":9734,"href":"https:\/\/www.bbbso.ca\/fr\/wp-json\/wp\/v2\/pages\/9733\/revisions\/9734"}],"up":[{"embeddable":true,"href":"https:\/\/www.bbbso.ca\/fr\/wp-json\/wp\/v2\/pages\/9949"}],"wp:featuredmedia":[{"embeddable":true,"href":"https:\/\/www.bbbso.ca\/fr\/wp-json\/wp\/v2\/media\/9119"}],"wp:attachment":[{"href":"https:\/\/www.bbbso.ca\/fr\/wp-json\/wp\/v2\/media?parent=9733"}],"curies":[{"name":"wp","href":"https:\/\/api.w.org\/{rel}","templated":true}]}}