{"id":9980,"date":"2021-07-09T09:59:04","date_gmt":"2021-07-09T13:59:04","guid":{"rendered":"https:\/\/www.bbbso.ca\/devenons-plusgrandsensemble\/"},"modified":"2024-06-21T21:04:51","modified_gmt":"2024-06-22T01:04:51","slug":"devenons-plusgrandsensemble","status":"publish","type":"page","link":"https:\/\/www.bbbso.ca\/fr\/devenons-plusgrandsensemble\/","title":{"rendered":"Devenons #PlusGrandsEnsemble!"},"content":{"rendered":"\n<h2 class=\"wp-block-heading\">Devenez b\u00e9n\u00e9vole et aidez les jeunes d\u2019Ottawa \u00e0 exprimer leur plein potentiel<\/h2>\n\n<h3 class=\"wp-block-heading\">Pourquoi devenir mentor?<\/h3>\n\n<p>En ne donnant que quelques heures de votre semaine, vous pourrez aider un enfant \u00e0 r\u00e9ussir. Ce qui distingue GFGSO des autres organismes venant en aide aux enfants, c\u2019est que nous recherchons des b\u00e9n\u00e9voles qui sont pr\u00eats \u00e0 s\u2019engager \u00e0 long terme.<\/p>\n\n<p>Bien que nous demandions \u00e0 nos mentors un engagement minimal d\u2019un an, nous esp\u00e9rons que nos Grand.e.s continueront \u00e0 accompagner leurs Petit.e.s jusqu\u2019\u00e0 ce qu\u2019ils atteignent l\u2019\u00e2ge de 18 ans, jusqu\u2019\u00e0 la conclusion du jumelage. En accompagnant un enfant jusqu\u2019\u00e0 sa graduation, vous :<\/p>\n\n<ul class=\"wp-block-list\"><li>Lui donnerez la motivation dont il a besoin pour rester \u00e0 l\u2019\u00e9cole;<\/li><li>L\u2019encouragerez \u00e0 \u00e9viter les comportements \u00e0 risque; et<\/li><li>Constaterez directement l\u2019importance d&#8217;aider les autres dans votre communaut\u00e9.<\/li><\/ul>\n\n<h3 class=\"wp-block-heading\">Vous n\u2019\u00eates pas seul<\/h3>\n\n<p>Lorsque vous faites du b\u00e9n\u00e9volat avec GFGSO, vous n\u2019\u00eates jamais seul. Notre personnel est l\u00e0 pour vous accompagner, ainsi que l\u2019enfant et sa famille, tout au long de votre relation de mentorat.<\/p>\n\n<h3 class=\"wp-block-heading\">Du soutien sous plusieurs formes<\/h3>\n\n<p>Nous n\u2019avons pas toujours suffisamment de ressources financi\u00e8res pour r\u00e9pondre ad\u00e9quatement \u00e0 l\u2019enthousiasme que suscitent nos programmes chez nos b\u00e9n\u00e9voles. En ayant acc\u00e8s \u00e0 plus de sources de financement, nous serons en mesure d&#8217;effectuer davantage de jumelages.<\/p>\n\n<p>Nous sommes toujours immens\u00e9ment reconnaissants envers les personnes qui souhaitent s\u2019impliquer et offrir du mentorat. S\u2019il nous est impossible de vous accueillir parmi nos b\u00e9n\u00e9voles, sachez que ce n&#8217;est jamais parce que nous ne voulons pas de vous! C\u2019est pourquoi nous vous invitons \u00e0 devenir donateur pendant votre b\u00e9n\u00e9volat ou pendant que vous attendez votre jumelage.<\/p>\n\n<div class=\"wp-block-buttons is-layout-flex wp-block-buttons-is-layout-flex\">\n<div class=\"wp-block-button has-custom-width wp-block-button__width-100\"><a class=\"wp-block-button__link has-background\" href=\"https:\/\/www.bbbso.ca\/get-involved\/apply-to-be-a-mentor\/\" style=\"background-color:#36becc\"><strong>DEVENEZ GRAND D\u00c8S MAINTENANT!<\/strong><\/a><\/div>\n<\/div>\n","protected":false},"excerpt":{"rendered":"<p>Devenez b\u00e9n\u00e9vole et aidez les jeunes d\u2019Ottawa \u00e0 exprimer leur plein potentiel Pourquoi devenir mentor? En ne donnant que quelques heures de votre semaine, vous pourrez aider un enfant \u00e0 r\u00e9ussir. Ce qui distingue GFGSO des autres organismes venant en aide aux enfants, c\u2019est que nous recherchons des b\u00e9n\u00e9voles qui sont pr\u00eats \u00e0 s\u2019engager \u00e0 [&hellip;]<\/p>\n","protected":false},"author":1,"featured_media":0,"parent":0,"menu_order":0,"comment_status":"closed","ping_status":"closed","template":"","meta":{"_et_pb_use_builder":"off","_et_pb_old_content":"","_et_gb_content_width":"","_coblocks_attr":"","_coblocks_dimensions":"","_coblocks_responsive_height":"","_coblocks_accordion_ie_support":"","_monsterinsights_skip_tracking":false,"_monsterinsights_sitenote_active":false,"_monsterinsights_sitenote_note":"","_monsterinsights_sitenote_category":0,"footnotes":""},"class_list":["post-9980","page","type-page","status-publish","hentry"],"aioseo_notices":[],"_links":{"self":[{"href":"https:\/\/www.bbbso.ca\/fr\/wp-json\/wp\/v2\/pages\/9980","targetHints":{"allow":["GET"]}}],"collection":[{"href":"https:\/\/www.bbbso.ca\/fr\/wp-json\/wp\/v2\/pages"}],"about":[{"href":"https:\/\/www.bbbso.ca\/fr\/wp-json\/wp\/v2\/types\/page"}],"author":[{"embeddable":true,"href":"https:\/\/www.bbbso.ca\/fr\/wp-json\/wp\/v2\/users\/1"}],"replies":[{"embeddable":true,"href":"https:\/\/www.bbbso.ca\/fr\/wp-json\/wp\/v2\/comments?post=9980"}],"version-history":[{"count":1,"href":"https:\/\/www.bbbso.ca\/fr\/wp-json\/wp\/v2\/pages\/9980\/revisions"}],"predecessor-version":[{"id":9981,"href":"https:\/\/www.bbbso.ca\/fr\/wp-json\/wp\/v2\/pages\/9980\/revisions\/9981"}],"wp:attachment":[{"href":"https:\/\/www.bbbso.ca\/fr\/wp-json\/wp\/v2\/media?parent=9980"}],"curies":[{"name":"wp","href":"https:\/\/api.w.org\/{rel}","templated":true}]}}